{"id":1591,"date":"2022-01-20T20:07:39","date_gmt":"2022-01-20T20:07:39","guid":{"rendered":"https:\/\/exploreanddiscover.co\/?page_id=1591"},"modified":"2022-04-25T19:51:00","modified_gmt":"2022-04-25T19:51:00","slug":"photoblog","status":"publish","type":"page","link":"https:\/\/exploreanddiscover.co\/en\/photoblog\/","title":{"rendered":"Photoblog"},"content":{"rendered":"<div data-elementor-type=\"wp-page\" data-elementor-id=\"1591\" class=\"elementor elementor-1591\" data-elementor-post-type=\"page\">\n\t\t\t\t\t\t\t\t\t<section class=\"elementor-section elementor-top-section elementor-element elementor-element-dbf7b3a elementor-section-boxed elementor-section-height-default elementor-section-height-default\" data-id=\"dbf7b3a\" data-element_type=\"section\" data-settings=\"{&quot;jet_parallax_layout_list&quot;:[{&quot;jet_parallax_layout_image&quot;:{&quot;url&quot;:&quot;&quot;,&quot;id&quot;:&quot;&quot;,&quot;size&quot;:&quot;&quot;},&quot;_id&quot;:&quot;3632cd3&quot;,&quot;jet_parallax_layout_image_tablet&quot;:{&quot;url&quot;:&quot;&quot;,&quot;id&quot;:&quot;&quot;,&quot;size&quot;:&quot;&quot;},&quot;jet_parallax_layout_image_mobile&quot;:{&quot;url&quot;:&quot;&quot;,&quot;id&quot;:&quot;&quot;,&quot;size&quot;:&quot;&quot;},&quot;jet_parallax_layout_speed&quot;:{&quot;unit&quot;:&quot;%&quot;,&quot;size&quot;:50,&quot;sizes&quot;:[]},&quot;jet_parallax_layout_type&quot;:&quot;scroll&quot;,&quot;jet_parallax_layout_direction&quot;:null,&quot;jet_parallax_layout_fx_direction&quot;:null,&quot;jet_parallax_layout_z_index&quot;:&quot;&quot;,&quot;jet_parallax_layout_bg_x&quot;:50,&quot;jet_parallax_layout_bg_x_tablet&quot;:&quot;&quot;,&quot;jet_parallax_layout_bg_x_mobile&quot;:&quot;&quot;,&quot;jet_parallax_layout_bg_y&quot;:50,&quot;jet_parallax_layout_bg_y_tablet&quot;:&quot;&quot;,&quot;jet_parallax_layout_bg_y_mobile&quot;:&quot;&quot;,&quot;jet_parallax_layout_bg_size&quot;:&quot;auto&quot;,&quot;jet_parallax_layout_bg_size_tablet&quot;:&quot;&quot;,&quot;jet_parallax_layout_bg_size_mobile&quot;:&quot;&quot;,&quot;jet_parallax_layout_animation_prop&quot;:&quot;transform&quot;,&quot;jet_parallax_layout_on&quot;:[&quot;desktop&quot;,&quot;tablet&quot;]}]}\">\n\t\t\t\t\t\t<div class=\"elementor-container elementor-column-gap-default\">\n\t\t\t\t\t<div class=\"elementor-column elementor-col-25 elementor-top-column elementor-element elementor-element-d27afe7\" data-id=\"d27afe7\" data-element_type=\"column\">\n\t\t\t<div class=\"elementor-widget-wrap\">\n\t\t\t\t\t\t\t\t\t<\/div>\n\t\t<\/div>\n\t\t\t\t<div class=\"elementor-column elementor-col-50 elementor-top-column elementor-element elementor-element-4c546f5\" data-id=\"4c546f5\" data-element_type=\"column\">\n\t\t\t<div class=\"elementor-widget-wrap elementor-element-populated\">\n\t\t\t\t\t\t\t\t<div class=\"elementor-element elementor-element-4bb746b elementor-widget elementor-widget-heading\" data-id=\"4bb746b\" data-element_type=\"widget\" data-widget_type=\"heading.default\">\n\t\t\t\t<div class=\"elementor-widget-container\">\n\t\t\t<h2 class=\"elementor-heading-title elementor-size-default\">Photoblog<\/h2>\t\t<\/div>\n\t\t\t\t<\/div>\n\t\t\t\t<div class=\"elementor-element elementor-element-e009968 elementor-widget elementor-widget-text-editor\" data-id=\"e009968\" data-element_type=\"widget\" data-widget_type=\"text-editor.default\">\n\t\t\t\t<div class=\"elementor-widget-container\">\n\t\t\t\t\t\t\t<p>This blog is a sample of things to do in Bogot\u00e1 and Colombia. We invite you to get inspired by reading these stories about this paradise where we live in, written by us guides and other travelers. We hope you can visit us and that the next story here will be the one about your trip to Colombia.<\/p>\t\t\t\t\t\t<\/div>\n\t\t\t\t<\/div>\n\t\t\t\t\t<\/div>\n\t\t<\/div>\n\t\t\t\t<div class=\"elementor-column elementor-col-25 elementor-top-column elementor-element elementor-element-1fd4410\" data-id=\"1fd4410\" data-element_type=\"column\">\n\t\t\t<div class=\"elementor-widget-wrap\">\n\t\t\t\t\t\t\t\t\t<\/div>\n\t\t<\/div>\n\t\t\t\t\t\t\t<\/div>\n\t\t<\/section>\n\t\t\t\t<section class=\"elementor-section elementor-top-section elementor-element elementor-element-05c0a27 elementor-section-boxed elementor-section-height-default elementor-section-height-default\" data-id=\"05c0a27\" data-element_type=\"section\" data-settings=\"{&quot;jet_parallax_layout_list&quot;:[{&quot;jet_parallax_layout_image&quot;:{&quot;url&quot;:&quot;&quot;,&quot;id&quot;:&quot;&quot;,&quot;size&quot;:&quot;&quot;},&quot;_id&quot;:&quot;2a3b0a5&quot;,&quot;jet_parallax_layout_image_tablet&quot;:{&quot;url&quot;:&quot;&quot;,&quot;id&quot;:&quot;&quot;,&quot;size&quot;:&quot;&quot;},&quot;jet_parallax_layout_image_mobile&quot;:{&quot;url&quot;:&quot;&quot;,&quot;id&quot;:&quot;&quot;,&quot;size&quot;:&quot;&quot;},&quot;jet_parallax_layout_speed&quot;:{&quot;unit&quot;:&quot;%&quot;,&quot;size&quot;:50,&quot;sizes&quot;:[]},&quot;jet_parallax_layout_type&quot;:&quot;scroll&quot;,&quot;jet_parallax_layout_direction&quot;:null,&quot;jet_parallax_layout_fx_direction&quot;:null,&quot;jet_parallax_layout_z_index&quot;:&quot;&quot;,&quot;jet_parallax_layout_bg_x&quot;:50,&quot;jet_parallax_layout_bg_x_tablet&quot;:&quot;&quot;,&quot;jet_parallax_layout_bg_x_mobile&quot;:&quot;&quot;,&quot;jet_parallax_layout_bg_y&quot;:50,&quot;jet_parallax_layout_bg_y_tablet&quot;:&quot;&quot;,&quot;jet_parallax_layout_bg_y_mobile&quot;:&quot;&quot;,&quot;jet_parallax_layout_bg_size&quot;:&quot;auto&quot;,&quot;jet_parallax_layout_bg_size_tablet&quot;:&quot;&quot;,&quot;jet_parallax_layout_bg_size_mobile&quot;:&quot;&quot;,&quot;jet_parallax_layout_animation_prop&quot;:&quot;transform&quot;,&quot;jet_parallax_layout_on&quot;:[&quot;desktop&quot;,&quot;tablet&quot;]}]}\">\n\t\t\t\t\t\t<div class=\"elementor-container elementor-column-gap-default\">\n\t\t\t\t\t<div class=\"elementor-column elementor-col-100 elementor-top-column elementor-element elementor-element-fa0d3da\" data-id=\"fa0d3da\" data-element_type=\"column\">\n\t\t\t<div class=\"elementor-widget-wrap elementor-element-populated\">\n\t\t\t\t\t\t\t\t<div class=\"elementor-element elementor-element-ba0ae7d elementor-grid-3 elementor-grid-tablet-2 elementor-grid-mobile-1 elementor-posts--thumbnail-top elementor-posts--show-avatar elementor-card-shadow-yes elementor-posts__hover-gradient elementor-widget elementor-widget-posts\" data-id=\"ba0ae7d\" data-element_type=\"widget\" data-settings=\"{&quot;cards_columns&quot;:&quot;3&quot;,&quot;cards_columns_tablet&quot;:&quot;2&quot;,&quot;cards_columns_mobile&quot;:&quot;1&quot;,&quot;cards_row_gap&quot;:{&quot;unit&quot;:&quot;px&quot;,&quot;size&quot;:35,&quot;sizes&quot;:[]},&quot;cards_row_gap_tablet&quot;:{&quot;unit&quot;:&quot;px&quot;,&quot;size&quot;:&quot;&quot;,&quot;sizes&quot;:[]},&quot;cards_row_gap_mobile&quot;:{&quot;unit&quot;:&quot;px&quot;,&quot;size&quot;:&quot;&quot;,&quot;sizes&quot;:[]}}\" data-widget_type=\"posts.cards\">\n\t\t\t\t<div class=\"elementor-widget-container\">\n\t\t\t\t\t<div class=\"elementor-posts-container elementor-posts elementor-posts--skin-cards elementor-grid\">\n\t\t\t\t<article class=\"elementor-post elementor-grid-item post-1596 post type-post status-publish format-standard has-post-thumbnail hentry category-photoblog\">\n\t\t\t<div class=\"elementor-post__card\">\n\t\t\t\t<a class=\"elementor-post__thumbnail__link\" href=\"https:\/\/exploreanddiscover.co\/en\/2022\/01\/20\/salida-por-colombia\/\" tabindex=\"-1\" ><div class=\"elementor-post__thumbnail\"><img width=\"300\" height=\"225\" src=\"https:\/\/exploreanddiscover.co\/wp-content\/uploads\/2022\/01\/Rocas_de_Suesca_1-300x225.jpg\" class=\"attachment-medium size-medium wp-image-1789\" alt=\"\" decoding=\"async\" srcset=\"https:\/\/exploreanddiscover.co\/wp-content\/uploads\/2022\/01\/Rocas_de_Suesca_1-300x225.jpg 300w, https:\/\/exploreanddiscover.co\/wp-content\/uploads\/2022\/01\/Rocas_de_Suesca_1-1024x768.jpg 1024w, https:\/\/exploreanddiscover.co\/wp-content\/uploads\/2022\/01\/Rocas_de_Suesca_1-768x576.jpg 768w, https:\/\/exploreanddiscover.co\/wp-content\/uploads\/2022\/01\/Rocas_de_Suesca_1-1536x1152.jpg 1536w, https:\/\/exploreanddiscover.co\/wp-content\/uploads\/2022\/01\/Rocas_de_Suesca_1-2048x1536.jpg 2048w\" sizes=\"(max-width: 300px) 100vw, 300px\" \/><\/div><\/a>\n\t\t\t\t<div class=\"elementor-post__badge\">Photoblog<\/div>\n\t\t\t\t<div class=\"elementor-post__avatar\">\n\t\t\t\t\t<\/div>\n\t\t\t\t<div class=\"elementor-post__text\">\n\t\t\t\t<h3 class=\"elementor-post__title\">\n\t\t\t<a href=\"https:\/\/exploreanddiscover.co\/en\/2022\/01\/20\/salida-por-colombia\/\" >\n\t\t\t\tViviana: Suesca\t\t\t<\/a>\n\t\t<\/h3>\n\t\t\t\t<div class=\"elementor-post__excerpt\">\n\t\t\t<p>If you take your car or a bus from Bogot\u00e1, in 1-2 hours you can reach any of the small towns near the city. One of my favorites is Suesca<\/p>\n\t\t<\/div>\n\t\t\n\t\t<a class=\"elementor-post__read-more\" href=\"https:\/\/exploreanddiscover.co\/en\/2022\/01\/20\/salida-por-colombia\/\" aria-label=\"Read more about Viviana: Suesca\" tabindex=\"-1\" >\n\t\t\tview more \u00bb\t\t<\/a>\n\n\t\t\t\t<\/div>\n\t\t\t\t<div class=\"elementor-post__meta-data\">\n\t\t\t\t\t<span class=\"elementor-post-author\">\n\t\t\tadmin\t\t<\/span>\n\t\t\t\t<span class=\"elementor-post-date\">\n\t\t\tJanuary 20, 2022\t\t<\/span>\n\t\t\t\t<\/div>\n\t\t\t\t\t<\/div>\n\t\t<\/article>\n\t\t\t\t<article class=\"elementor-post elementor-grid-item post-1592 post type-post status-publish format-standard has-post-thumbnail hentry category-photoblog\">\n\t\t\t<div class=\"elementor-post__card\">\n\t\t\t\t<a class=\"elementor-post__thumbnail__link\" href=\"https:\/\/exploreanddiscover.co\/en\/2022\/01\/20\/salida-por-bogota\/\" tabindex=\"-1\" ><div class=\"elementor-post__thumbnail\"><img width=\"300\" height=\"200\" src=\"https:\/\/exploreanddiscover.co\/wp-content\/uploads\/2022\/01\/monserrate-church-on-top-of-monserrate-hill-bogo-2022-02-24-22-28-31-utc-300x200.jpg\" class=\"attachment-medium size-medium wp-image-1792\" alt=\"\" decoding=\"async\" srcset=\"https:\/\/exploreanddiscover.co\/wp-content\/uploads\/2022\/01\/monserrate-church-on-top-of-monserrate-hill-bogo-2022-02-24-22-28-31-utc-300x200.jpg 300w, https:\/\/exploreanddiscover.co\/wp-content\/uploads\/2022\/01\/monserrate-church-on-top-of-monserrate-hill-bogo-2022-02-24-22-28-31-utc-1024x683.jpg 1024w, https:\/\/exploreanddiscover.co\/wp-content\/uploads\/2022\/01\/monserrate-church-on-top-of-monserrate-hill-bogo-2022-02-24-22-28-31-utc-768x512.jpg 768w, https:\/\/exploreanddiscover.co\/wp-content\/uploads\/2022\/01\/monserrate-church-on-top-of-monserrate-hill-bogo-2022-02-24-22-28-31-utc-1536x1024.jpg 1536w, https:\/\/exploreanddiscover.co\/wp-content\/uploads\/2022\/01\/monserrate-church-on-top-of-monserrate-hill-bogo-2022-02-24-22-28-31-utc-2048x1365.jpg 2048w\" sizes=\"(max-width: 300px) 100vw, 300px\" \/><\/div><\/a>\n\t\t\t\t<div class=\"elementor-post__badge\">Photoblog<\/div>\n\t\t\t\t<div class=\"elementor-post__avatar\">\n\t\t\t\t\t<\/div>\n\t\t\t\t<div class=\"elementor-post__text\">\n\t\t\t\t<h3 class=\"elementor-post__title\">\n\t\t\t<a href=\"https:\/\/exploreanddiscover.co\/en\/2022\/01\/20\/salida-por-bogota\/\" >\n\t\t\t\tSantiago: Monserrate\t\t\t<\/a>\n\t\t<\/h3>\n\t\t\t\t<div class=\"elementor-post__excerpt\">\n\t\t\t<p>Monserrate is one of Bogot\u00e1's main tourist attractions and is visited by both locals and visitors passing through our city<\/p>\n\t\t<\/div>\n\t\t\n\t\t<a class=\"elementor-post__read-more\" href=\"https:\/\/exploreanddiscover.co\/en\/2022\/01\/20\/salida-por-bogota\/\" aria-label=\"Read more about Santiago: Monserrate\" tabindex=\"-1\" >\n\t\t\tview more \u00bb\t\t<\/a>\n\n\t\t\t\t<\/div>\n\t\t\t\t<div class=\"elementor-post__meta-data\">\n\t\t\t\t\t<span class=\"elementor-post-author\">\n\t\t\tadmin\t\t<\/span>\n\t\t\t\t<span class=\"elementor-post-date\">\n\t\t\tJanuary 20, 2022\t\t<\/span>\n\t\t\t\t<\/div>\n\t\t\t\t\t<\/div>\n\t\t<\/article>\n\t\t\t\t<\/div>\n\t\t\n\t\t\t\t<\/div>\n\t\t\t\t<\/div>\n\t\t\t\t\t<\/div>\n\t\t<\/div>\n\t\t\t\t\t\t\t<\/div>\n\t\t<\/section>\n\t\t\t\t\t\t\t<\/div>","protected":false},"excerpt":{"rendered":"<p>Photoblog Este blog es una muestra de las cosas que se pueden hacer en Bogot\u00e1 y Colombia. Te invitamos a que te inspires leyendo estas historias escritas por nosotros los gu\u00edas y otros viajeros de este para\u00edso en donde vivimos. Esperamos que nos puedas visitar y que la siguiente historia que est\u00e9 aqu\u00ed sea la &hellip;<\/p>\n<p class=\"read-more\"> <a class=\"\" href=\"https:\/\/exploreanddiscover.co\/en\/2022\/01\/20\/salida-por-bogota\/\"> <span class=\"screen-reader-text\">Santiago: Monserrate<\/span> Read More &raquo;<\/a><\/p>","protected":false},"author":1,"featured_media":0,"parent":0,"menu_order":0,"comment_status":"closed","ping_status":"closed","template":"","meta":{"om_disable_all_campaigns":false,"footnotes":""},"aioseo_notices":[],"_links":{"self":[{"href":"https:\/\/exploreanddiscover.co\/en\/wp-json\/wp\/v2\/pages\/1591"}],"collection":[{"href":"https:\/\/exploreanddiscover.co\/en\/wp-json\/wp\/v2\/pages"}],"about":[{"href":"https:\/\/exploreanddiscover.co\/en\/wp-json\/wp\/v2\/types\/page"}],"author":[{"embeddable":true,"href":"https:\/\/exploreanddiscover.co\/en\/wp-json\/wp\/v2\/users\/1"}],"replies":[{"embeddable":true,"href":"https:\/\/exploreanddiscover.co\/en\/wp-json\/wp\/v2\/comments?post=1591"}],"version-history":[{"count":43,"href":"https:\/\/exploreanddiscover.co\/en\/wp-json\/wp\/v2\/pages\/1591\/revisions"}],"predecessor-version":[{"id":2602,"href":"https:\/\/exploreanddiscover.co\/en\/wp-json\/wp\/v2\/pages\/1591\/revisions\/2602"}],"wp:attachment":[{"href":"https:\/\/exploreanddiscover.co\/en\/wp-json\/wp\/v2\/media?parent=1591"}],"curies":[{"name":"wp","href":"https:\/\/api.w.org\/{rel}","templated":true}]}}